{"id":75,"date":"2025-02-15T15:55:40","date_gmt":"2025-02-15T15:55:40","guid":{"rendered":"https:\/\/www.mukungutree.com\/?page_id=75"},"modified":"2025-03-18T06:58:47","modified_gmt":"2025-03-18T06:58:47","slug":"home","status":"publish","type":"page","link":"https:\/\/www.mukungutree.com\/","title":{"rendered":""},"content":{"rendered":"\n<h2 class=\"wp-block-heading has-text-align-center\">Welcome to our Mukungutree Bungalow<\/h2>\n\n\n\n<div class=\"wp-block-group alignwide has-global-padding is-layout-constrained wp-block-group-is-layout-constrained\">\n<p>Your family homestay in Ukunda, on the south coast of Mombasa (Kenya)<\/p>\n<\/div>\n\n\n\n<figure class=\"wp-block-image size-large wp-duotone-unset-1\"><img loading=\"lazy\" decoding=\"async\" width=\"1024\" height=\"684\" src=\"https:\/\/www.mukungutree.com\/wp-content\/uploads\/2025\/02\/DSC_6503-1024x684.jpg\" alt=\"\" class=\"wp-image-161\" srcset=\"https:\/\/www.mukungutree.com\/wp-content\/uploads\/2025\/02\/DSC_6503-1024x684.jpg 1024w, https:\/\/www.mukungutree.com\/wp-content\/uploads\/2025\/02\/DSC_6503-300x201.jpg 300w, https:\/\/www.mukungutree.com\/wp-content\/uploads\/2025\/02\/DSC_6503-768x513.jpg 768w, https:\/\/www.mukungutree.com\/wp-content\/uploads\/2025\/02\/DSC_6503-1536x1027.jpg 1536w, https:\/\/www.mukungutree.com\/wp-content\/uploads\/2025\/02\/DSC_6503-2048x1369.jpg 2048w\" sizes=\"auto, (max-width: 1024px) 100vw, 1024px\" \/><\/figure>\n\n\n\n<div class=\"wp-block-group alignfull has-global-padding is-layout-constrained wp-container-core-group-is-layout-2 wp-block-group-is-layout-constrained\" style=\"margin-top:0;margin-bottom:0;padding-top:var(--wp--preset--spacing--50);padding-right:var(--wp--preset--spacing--50);padding-bottom:var(--wp--preset--spacing--50);padding-left:var(--wp--preset--spacing--50)\">\n<div class=\"wp-block-columns alignwide is-layout-flex wp-container-core-columns-is-layout-1 wp-block-columns-is-layout-flex\" style=\"margin-top:0;margin-bottom:0\">\n<div class=\"wp-block-column is-layout-flow wp-container-core-column-is-layout-1 wp-block-column-is-layout-flow\">\n<div style=\"height:var(--wp--preset--spacing--50)\" aria-hidden=\"true\" class=\"wp-block-spacer\"><\/div>\n\n\n\n<div style=\"height:var(--wp--preset--spacing--50)\" aria-hidden=\"true\" class=\"wp-block-spacer\"><\/div>\n\n\n\n<div style=\"height:var(--wp--preset--spacing--50)\" aria-hidden=\"true\" class=\"wp-block-spacer\"><\/div>\n<\/div>\n<\/div>\n<\/div>\n","protected":false},"excerpt":{"rendered":"<p>Welcome to our Mukungutree Bungalow Your family homestay in Ukunda, on the south coast of Mombasa (Kenya)<\/p>\n","protected":false},"author":1,"featured_media":0,"parent":0,"menu_order":0,"comment_status":"closed","ping_status":"closed","template":"","meta":{"footnotes":""},"class_list":["post-75","page","type-page","status-publish","hentry"],"yoast_head":"<!-- This site is optimized with the Yoast SEO plugin v24.4 - https:\/\/yoast.com\/wordpress\/plugins\/seo\/ -->\n<title>mukungutreebungalow<\/title>\n<meta name=\"description\" content=\"Ihr famili\u00e4res Homestay an der S\u00fcdk\u00fcste Mombasas.\" \/>\n<meta name=\"robots\" content=\"index, follow, max-snippet:-1, max-image-preview:large, max-video-preview:-1\" \/>\n<link rel=\"canonical\" href=\"https:\/\/www.mukungutree.com\/\" \/>\n<meta property=\"og:locale\" content=\"en_US\" \/>\n<meta property=\"og:type\" content=\"article\" \/>\n<meta property=\"og:title\" content=\"mukungutreebungalow\" \/>\n<meta property=\"og:description\" content=\"Ihr famili\u00e4res Homestay an der S\u00fcdk\u00fcste Mombasas.\" \/>\n<meta property=\"og:url\" content=\"https:\/\/www.mukungutree.com\/\" \/>\n<meta property=\"og:site_name\" content=\"mukungutreebungalow\" \/>\n<meta property=\"article:modified_time\" content=\"2025-03-18T06:58:47+00:00\" \/>\n<meta property=\"og:image\" content=\"https:\/\/www.mukungutree.com\/wp-content\/uploads\/2025\/02\/DSC_6503-scaled.jpg\" \/>\n\t<meta property=\"og:image:width\" content=\"2560\" \/>\n\t<meta property=\"og:image:height\" content=\"1711\" \/>\n\t<meta property=\"og:image:type\" content=\"image\/jpeg\" \/>\n<meta name=\"twitter:card\" content=\"summary_large_image\" \/>\n<meta name=\"twitter:label1\" content=\"Est. reading time\" \/>\n\t<meta name=\"twitter:data1\" content=\"1 minute\" \/>\n<script type=\"application\/ld+json\" class=\"yoast-schema-graph\">{\"@context\":\"https:\/\/schema.org\",\"@graph\":[{\"@type\":\"WebPage\",\"@id\":\"https:\/\/www.mukungutree.com\/\",\"url\":\"https:\/\/www.mukungutree.com\/\",\"name\":\"mukungutreebungalow\",\"isPartOf\":{\"@id\":\"https:\/\/www.mukungutree.com\/#website\"},\"primaryImageOfPage\":{\"@id\":\"https:\/\/www.mukungutree.com\/#primaryimage\"},\"image\":{\"@id\":\"https:\/\/www.mukungutree.com\/#primaryimage\"},\"thumbnailUrl\":\"https:\/\/www.mukungutree.com\/wp-content\/uploads\/2025\/02\/DSC_6503-1024x684.jpg\",\"datePublished\":\"2025-02-15T15:55:40+00:00\",\"dateModified\":\"2025-03-18T06:58:47+00:00\",\"description\":\"Ihr famili\u00e4res Homestay an der S\u00fcdk\u00fcste Mombasas.\",\"inLanguage\":\"en-US\",\"potentialAction\":[{\"@type\":\"ReadAction\",\"target\":[\"https:\/\/www.mukungutree.com\/\"]}]},{\"@type\":\"ImageObject\",\"inLanguage\":\"en-US\",\"@id\":\"https:\/\/www.mukungutree.com\/#primaryimage\",\"url\":\"https:\/\/www.mukungutree.com\/wp-content\/uploads\/2025\/02\/DSC_6503-scaled.jpg\",\"contentUrl\":\"https:\/\/www.mukungutree.com\/wp-content\/uploads\/2025\/02\/DSC_6503-scaled.jpg\",\"width\":2560,\"height\":1711},{\"@type\":\"WebSite\",\"@id\":\"https:\/\/www.mukungutree.com\/#website\",\"url\":\"https:\/\/www.mukungutree.com\/\",\"name\":\"mukungutreebungalow\",\"description\":\"\",\"potentialAction\":[{\"@type\":\"SearchAction\",\"target\":{\"@type\":\"EntryPoint\",\"urlTemplate\":\"https:\/\/www.mukungutree.com\/?s={search_term_string}\"},\"query-input\":{\"@type\":\"PropertyValueSpecification\",\"valueRequired\":true,\"valueName\":\"search_term_string\"}}],\"inLanguage\":\"en-US\"}]}<\/script>\n<!-- \/ Yoast SEO plugin. -->","yoast_head_json":{"title":"mukungutreebungalow","description":"Ihr famili\u00e4res Homestay an der S\u00fcdk\u00fcste Mombasas.","robots":{"index":"index","follow":"follow","max-snippet":"max-snippet:-1","max-image-preview":"max-image-preview:large","max-video-preview":"max-video-preview:-1"},"canonical":"https:\/\/www.mukungutree.com\/","og_locale":"en_US","og_type":"article","og_title":"mukungutreebungalow","og_description":"Ihr famili\u00e4res Homestay an der S\u00fcdk\u00fcste Mombasas.","og_url":"https:\/\/www.mukungutree.com\/","og_site_name":"mukungutreebungalow","article_modified_time":"2025-03-18T06:58:47+00:00","og_image":[{"width":2560,"height":1711,"url":"https:\/\/www.mukungutree.com\/wp-content\/uploads\/2025\/02\/DSC_6503-scaled.jpg","type":"image\/jpeg"}],"twitter_card":"summary_large_image","twitter_misc":{"Est. reading time":"1 minute"},"schema":{"@context":"https:\/\/schema.org","@graph":[{"@type":"WebPage","@id":"https:\/\/www.mukungutree.com\/","url":"https:\/\/www.mukungutree.com\/","name":"mukungutreebungalow","isPartOf":{"@id":"https:\/\/www.mukungutree.com\/#website"},"primaryImageOfPage":{"@id":"https:\/\/www.mukungutree.com\/#primaryimage"},"image":{"@id":"https:\/\/www.mukungutree.com\/#primaryimage"},"thumbnailUrl":"https:\/\/www.mukungutree.com\/wp-content\/uploads\/2025\/02\/DSC_6503-1024x684.jpg","datePublished":"2025-02-15T15:55:40+00:00","dateModified":"2025-03-18T06:58:47+00:00","description":"Ihr famili\u00e4res Homestay an der S\u00fcdk\u00fcste Mombasas.","inLanguage":"en-US","potentialAction":[{"@type":"ReadAction","target":["https:\/\/www.mukungutree.com\/"]}]},{"@type":"ImageObject","inLanguage":"en-US","@id":"https:\/\/www.mukungutree.com\/#primaryimage","url":"https:\/\/www.mukungutree.com\/wp-content\/uploads\/2025\/02\/DSC_6503-scaled.jpg","contentUrl":"https:\/\/www.mukungutree.com\/wp-content\/uploads\/2025\/02\/DSC_6503-scaled.jpg","width":2560,"height":1711},{"@type":"WebSite","@id":"https:\/\/www.mukungutree.com\/#website","url":"https:\/\/www.mukungutree.com\/","name":"mukungutreebungalow","description":"","potentialAction":[{"@type":"SearchAction","target":{"@type":"EntryPoint","urlTemplate":"https:\/\/www.mukungutree.com\/?s={search_term_string}"},"query-input":{"@type":"PropertyValueSpecification","valueRequired":true,"valueName":"search_term_string"}}],"inLanguage":"en-US"}]}},"_links":{"self":[{"href":"https:\/\/www.mukungutree.com\/index.php?rest_route=\/wp\/v2\/pages\/75","targetHints":{"allow":["GET"]}}],"collection":[{"href":"https:\/\/www.mukungutree.com\/index.php?rest_route=\/wp\/v2\/pages"}],"about":[{"href":"https:\/\/www.mukungutree.com\/index.php?rest_route=\/wp\/v2\/types\/page"}],"author":[{"embeddable":true,"href":"https:\/\/www.mukungutree.com\/index.php?rest_route=\/wp\/v2\/users\/1"}],"replies":[{"embeddable":true,"href":"https:\/\/www.mukungutree.com\/index.php?rest_route=%2Fwp%2Fv2%2Fcomments&post=75"}],"version-history":[{"count":20,"href":"https:\/\/www.mukungutree.com\/index.php?rest_route=\/wp\/v2\/pages\/75\/revisions"}],"predecessor-version":[{"id":247,"href":"https:\/\/www.mukungutree.com\/index.php?rest_route=\/wp\/v2\/pages\/75\/revisions\/247"}],"wp:attachment":[{"href":"https:\/\/www.mukungutree.com\/index.php?rest_route=%2Fwp%2Fv2%2Fmedia&parent=75"}],"curies":[{"name":"wp","href":"https:\/\/api.w.org\/{rel}","templated":true}]}}